{"id":43,"date":"2015-02-06T20:00:37","date_gmt":"2015-02-06T20:00:37","guid":{"rendered":"https:\/\/goederupvand.dk\/?page_id=43"},"modified":"2019-03-07T15:36:06","modified_gmt":"2019-03-07T15:36:06","slug":"kontakt","status":"publish","type":"page","link":"https:\/\/goederupvand.dk\/?page_id=43","title":{"rendered":"Kontakt"},"content":{"rendered":"<p><strong>Formand:<\/strong><br \/>\nSimon Christensen<br \/>\nMobil: 93 95 62 01<br \/>\nEmail: <a href=\"mailto:formand@goederupvand.dk\">formand@goederupvand.dk<\/a><\/p>\n<p><strong>Kasserer:<\/strong><br \/>\nCarsten Brund<br \/>\nG\u00f8derupvej 21<br \/>\n4000 Roskilde<br \/>\nMobil: 93 95 62 02<br \/>\nEmail: <a href=\"mailto:kasserer@goederupvand.dk\">kasserer@goederupvand.dk<\/a><\/p>\n<p><strong>Bestyrelsesmedlem:<\/strong><br \/>\nTorben Larsen<br \/>\nEmail: <a href=\"mailto:sekretaer@goederupvand.dk\">Drift@goederupvand.dk<\/a><\/p>\n<p><strong>\u00d8vrige med tilknytning til G\u00f8derup Vandv\u00e6rk<\/strong><\/p>\n<p><strong>Foreningen af Vandv\u00e6rker i Danmark<\/strong><br \/>\nSolr\u00f8d Center 22 C<br \/>\n2680 Solr\u00f8d Strand<br \/>\nTlf.: 56 14 42 42<br \/>\n<a href=\"www.danskevandvaerker.dk\" target=\"_blank\" rel=\"noopener\">www.danskevandvaerker.dk<\/a><\/p>\n<p><strong>Vandv\u00e6rksteknik<\/strong><br \/>\nFr. Dahlgaard<br \/>\nSp\u00e5nneb\u00e6k 3B<br \/>\n4300 Holb\u00e6k<br \/>\nTlf.: 59 43 02 30<br \/>\nKontaktperson:<br \/>\nFlemming Falk<br \/>\n<a href=\"http:\/\/www.dahlgaard.dk\" target=\"_blank\" rel=\"noopener\">www.dahlgaard.dk<\/a><\/p>\n<p><strong>Vandanalyser<\/strong><br \/>\nEurofins Steins Laboratorium<br \/>\nSmedeskovvej 38<br \/>\n8464 Galten<br \/>\nTlf.: 70 22 42 66<br \/>\n<a href=\"http:\/\/www.eurofins.dk\" target=\"_blank\" rel=\"noopener\">www.eurofins.dk<\/a><\/p>\n<p><strong>Elektrikerarbejde<\/strong><br \/>\nOle Lunding<br \/>\nIndustrivej 38 D<br \/>\n4000 Roskilde<br \/>\nKontaktperson:<br \/>\nTorben Larsen<br \/>\nMobil: 40 26 11 42<br \/>\n<a href=\"http:\/\/www.lunding.dk\" target=\"_blank\" rel=\"noopener\">www.lunding.dk<\/a><\/p>\n<p><strong>Kloakarbejde<\/strong><br \/>\nS\u00f8ren Gr\u00f8n &amp; S\u00f8n Aps.<br \/>\nUdmarksvej 13, Truelstrup<br \/>\n4130 Viby Sj.<br \/>\nKontaktperson:<br \/>\nChristian Gr\u00f8n<br \/>\nMobil: 40 30 55 76<br \/>\n<a href=\"http:\/\/www.kloakmestergroen.dk\" target=\"_blank\" rel=\"noopener\">www.kloakmestergroen.dk<\/a><\/p>\n<p><b>TR VVS Teknik<\/b><br \/>\nFlintebjerg 27, Osted<br \/>\n4320 Lejre<br \/>\nTelefon: 46 49 60 01<br \/>\n<a href=\"http:\/\/www.vvsmester.dk\/trvvsteknik\" target=\"_blank\" rel=\"noopener\">www.vvsmester.dk\/trvvsteknik<\/a><\/p>\n<p>&nbsp;<\/p>\n","protected":false},"excerpt":{"rendered":"<p>Formand: Simon Christensen Mobil: 93 95 62 01 Email: formand@goederupvand.dk Kasserer: Carsten Brund G\u00f8derupvej 21 4000 Roskilde Mobil: 93 95 62 02 Email: kasserer@goederupvand.dk Bestyrelsesmedlem: Torben Larsen Email: Drift@goederupvand.dk \u00d8vrige med tilknytning til G\u00f8derup Vandv\u00e6rk Foreningen af Vandv\u00e6rker i Danmark Solr\u00f8d Center 22 C 2680 Solr\u00f8d Strand Tlf.: 56 14 42 42 www.danskevandvaerker.dk Vandv\u00e6rksteknik Fr. [&hellip;]<\/p>\n","protected":false},"author":1,"featured_media":0,"parent":0,"menu_order":0,"comment_status":"closed","ping_status":"open","template":"","meta":{"footnotes":""},"class_list":["post-43","page","type-page","status-publish","hentry","post"],"_links":{"self":[{"href":"https:\/\/goederupvand.dk\/index.php?rest_route=\/wp\/v2\/pages\/43","targetHints":{"allow":["GET"]}}],"collection":[{"href":"https:\/\/goederupvand.dk\/index.php?rest_route=\/wp\/v2\/pages"}],"about":[{"href":"https:\/\/goederupvand.dk\/index.php?rest_route=\/wp\/v2\/types\/page"}],"author":[{"embeddable":true,"href":"https:\/\/goederupvand.dk\/index.php?rest_route=\/wp\/v2\/users\/1"}],"replies":[{"embeddable":true,"href":"https:\/\/goederupvand.dk\/index.php?rest_route=%2Fwp%2Fv2%2Fcomments&post=43"}],"version-history":[{"count":17,"href":"https:\/\/goederupvand.dk\/index.php?rest_route=\/wp\/v2\/pages\/43\/revisions"}],"predecessor-version":[{"id":611,"href":"https:\/\/goederupvand.dk\/index.php?rest_route=\/wp\/v2\/pages\/43\/revisions\/611"}],"wp:attachment":[{"href":"https:\/\/goederupvand.dk\/index.php?rest_route=%2Fwp%2Fv2%2Fmedia&parent=43"}],"curies":[{"name":"wp","href":"https:\/\/api.w.org\/{rel}","templated":true}]}}