{"id":56,"date":"2015-02-06T20:23:50","date_gmt":"2015-02-06T20:23:50","guid":{"rendered":"https:\/\/goederupvand.dk\/?page_id=56"},"modified":"2026-03-09T14:50:27","modified_gmt":"2026-03-09T14:50:27","slug":"information","status":"publish","type":"page","link":"https:\/\/goederupvand.dk\/?page_id=56","title":{"rendered":"Kontrolprogrammer"},"content":{"rendered":"<h5><a href=\"https:\/\/goederupvand.dk\/wp-content\/uploads\/2023\/03\/Kontrolprogram-Goederup-Vandvaerk-2023-2027.pdf\" target=\"_blank\" rel=\"noopener\">Kontrolprogram G\u00f8derup Vandv\u00e6rk 2023-2027<\/a><\/h5>\n<h5><a href=\"https:\/\/goederupvand.dk\/wp-content\/uploads\/2018\/03\/kontrolprogram-G\u00f8derup-Vandv\u00e6rk.pdf\" target=\"_blank\" rel=\"noopener\">Kontrolprogram G\u00f8derup Vandv\u00e6rk 2018-2022<\/a><\/h5>\n<h5><a href=\"https:\/\/goederupvand.dk\/wp-content\/uploads\/2018\/03\/G\u00f8derup-Vandv\u00e6rk-hygeijneregler.pdf\" target=\"_blank\" rel=\"noopener\">Hygiejneregler G\u00f8derup Vandv\u00e6rk<\/a><\/h5>\n<h5><a href=\"https:\/\/goederupvand.dk\/wp-content\/uploads\/2025\/11\/Goederup-Vandvaerk-beredskabsplan20-25.pdf\" target=\"_blank\" rel=\"noopener\">Beredskabsplan G\u00f8derup vandv\u00e6rk<\/a><\/h5>\n<h5>Tegninger:<\/h5>\n<p><a href=\"https:\/\/goederupvand.dk\/wp-content\/uploads\/2015\/02\/Oversigtskort-G\u00f8derup-by-25-11-1999.pdf\" target=\"_blank\" rel=\"noopener\">G\u00f8derup by<\/a><\/p>\n<p><a href=\"https:\/\/goederupvand.dk\/Filer\/Oversigtskort_Vanddamsvej_og_del_af_Kildevangsvej.pdf\" target=\"_blank\" rel=\"noopener\">Vanddamsvej\/lidt Kildevangsvej<\/a><\/p>\n<p><a href=\"https:\/\/goederupvand.dk\/Filer\/Oversigtskort_Langvad.pdf\" target=\"_blank\" rel=\"noopener\">Langvad By<\/a><\/p>\n<p><a href=\"https:\/\/goederupvand.dk\/Filer\/Ledning_under_vej_til_Langvad.pdf\" target=\"_blank\" rel=\"noopener\">Ledning til Langvad<\/a><\/p>\n<p>&nbsp;<\/p>\n","protected":false},"excerpt":{"rendered":"<p>Kontrolprogram G\u00f8derup Vandv\u00e6rk 2023-2027 Kontrolprogram G\u00f8derup Vandv\u00e6rk 2018-2022 Hygiejneregler G\u00f8derup Vandv\u00e6rk Beredskabsplan G\u00f8derup vandv\u00e6rk Tegninger: G\u00f8derup by Vanddamsvej\/lidt Kildevangsvej Langvad By Ledning til Langvad &nbsp;<\/p>\n","protected":false},"author":2,"featured_media":0,"parent":0,"menu_order":0,"comment_status":"closed","ping_status":"open","template":"","meta":{"footnotes":""},"class_list":["post-56","page","type-page","status-publish","hentry","post"],"_links":{"self":[{"href":"https:\/\/goederupvand.dk\/index.php?rest_route=\/wp\/v2\/pages\/56","targetHints":{"allow":["GET"]}}],"collection":[{"href":"https:\/\/goederupvand.dk\/index.php?rest_route=\/wp\/v2\/pages"}],"about":[{"href":"https:\/\/goederupvand.dk\/index.php?rest_route=\/wp\/v2\/types\/page"}],"author":[{"embeddable":true,"href":"https:\/\/goederupvand.dk\/index.php?rest_route=\/wp\/v2\/users\/2"}],"replies":[{"embeddable":true,"href":"https:\/\/goederupvand.dk\/index.php?rest_route=%2Fwp%2Fv2%2Fcomments&post=56"}],"version-history":[{"count":19,"href":"https:\/\/goederupvand.dk\/index.php?rest_route=\/wp\/v2\/pages\/56\/revisions"}],"predecessor-version":[{"id":958,"href":"https:\/\/goederupvand.dk\/index.php?rest_route=\/wp\/v2\/pages\/56\/revisions\/958"}],"wp:attachment":[{"href":"https:\/\/goederupvand.dk\/index.php?rest_route=%2Fwp%2Fv2%2Fmedia&parent=56"}],"curies":[{"name":"wp","href":"https:\/\/api.w.org\/{rel}","templated":true}]}}