{"id":67,"date":"2015-02-06T20:28:12","date_gmt":"2015-02-06T20:28:12","guid":{"rendered":"https:\/\/goederupvand.dk\/?page_id=67"},"modified":"2020-09-13T09:41:09","modified_gmt":"2020-09-13T09:41:09","slug":"vedtaegter","status":"publish","type":"page","link":"https:\/\/goederupvand.dk\/?page_id=67","title":{"rendered":"Vedt\u00e6gter g\u00e6ldende for G\u00f8derup Vandv\u00e6rk a.m.b.a."},"content":{"rendered":"<p align=\"left\">NYE VEDT\u00c6GTER g\u00e6ldende fra 1\/1-2018<\/p>\n<p align=\"left\"><a href=\"https:\/\/goederupvand.dk\/wp-content\/uploads\/2020\/09\/Vedt\u00e6gter-AMBA-012017.pdf\" target=\"_blank\" rel=\"noopener noreferrer\">Vedt\u00e6gter for G\u00f8derup vandv\u00e6rk A.M.B.A. 2018<\/a><\/p>\n<p><a href=\"https:\/\/goederupvand.dk\/wp-content\/uploads\/2020\/09\/G\u00f8derup-vandv\u00e6rk-regulativ-godkendt-05052020.pdf\" target=\"_blank\" rel=\"noopener noreferrer\">Regulativ G\u00f8derup Vandv\u00e6rk A.M.B.A. 2020<\/a><\/p>\n","protected":false},"excerpt":{"rendered":"<p>NYE VEDT\u00c6GTER g\u00e6ldende fra 1\/1-2018 Vedt\u00e6gter for G\u00f8derup vandv\u00e6rk A.M.B.A. 2018 Regulativ G\u00f8derup Vandv\u00e6rk A.M.B.A. 2020<\/p>\n","protected":false},"author":2,"featured_media":0,"parent":0,"menu_order":0,"comment_status":"closed","ping_status":"open","template":"","meta":{"footnotes":""},"class_list":["post-67","page","type-page","status-publish","hentry","post"],"_links":{"self":[{"href":"https:\/\/goederupvand.dk\/index.php?rest_route=\/wp\/v2\/pages\/67","targetHints":{"allow":["GET"]}}],"collection":[{"href":"https:\/\/goederupvand.dk\/index.php?rest_route=\/wp\/v2\/pages"}],"about":[{"href":"https:\/\/goederupvand.dk\/index.php?rest_route=\/wp\/v2\/types\/page"}],"author":[{"embeddable":true,"href":"https:\/\/goederupvand.dk\/index.php?rest_route=\/wp\/v2\/users\/2"}],"replies":[{"embeddable":true,"href":"https:\/\/goederupvand.dk\/index.php?rest_route=%2Fwp%2Fv2%2Fcomments&post=67"}],"version-history":[{"count":11,"href":"https:\/\/goederupvand.dk\/index.php?rest_route=\/wp\/v2\/pages\/67\/revisions"}],"predecessor-version":[{"id":711,"href":"https:\/\/goederupvand.dk\/index.php?rest_route=\/wp\/v2\/pages\/67\/revisions\/711"}],"wp:attachment":[{"href":"https:\/\/goederupvand.dk\/index.php?rest_route=%2Fwp%2Fv2%2Fmedia&parent=67"}],"curies":[{"name":"wp","href":"https:\/\/api.w.org\/{rel}","templated":true}]}}