{"id":69,"date":"2015-02-06T20:29:00","date_gmt":"2015-02-06T20:29:00","guid":{"rendered":"https:\/\/goederupvand.dk\/?page_id=69"},"modified":"2026-03-26T08:14:27","modified_gmt":"2026-03-26T08:14:27","slug":"oekonomi","status":"publish","type":"page","link":"https:\/\/goederupvand.dk\/?page_id=69","title":{"rendered":"\u00d8konomi"},"content":{"rendered":"<p align=\"left\"><a href=\"https:\/\/goederupvand.dk\/wp-content\/uploads\/2026\/03\/Budget-26-Realiseret-2025.pdf\" target=\"_blank\" rel=\"noopener\">Budget 2026<\/a><\/p>\n<p align=\"left\"><a href=\"https:\/\/goederupvand.dk\/wp-content\/uploads\/2026\/03\/Takstblad-2026.pdf\" target=\"_blank\" rel=\"noopener\">Takstblad 2026<\/a><\/p>\n<p align=\"left\"><a href=\"https:\/\/goederupvand.dk\/wp-content\/uploads\/2026\/03\/Godkendelse-af-takstblad-2026-Goederup-vandvaerk.pdf\" target=\"_blank\" rel=\"noopener\">Takstblads godkendelse 2026<\/a><\/p>\n<p align=\"left\"><a href=\"https:\/\/goederupvand.dk\/wp-content\/uploads\/2026\/03\/Aarsrapport-2025-Goederup.pdf\" target=\"_blank\" rel=\"noopener\">\u00c5rsrapport 2025<\/a><\/p>\n<p align=\"left\"><a href=\"https:\/\/goederupvand.dk\/wp-content\/uploads\/2026\/03\/Balance-31.12.25.pdf\" target=\"_blank\" rel=\"noopener\">Balance 2025<\/a><\/p>\n<p align=\"left\"><a href=\"https:\/\/goederupvand.dk\/wp-content\/uploads\/2025\/10\/Budget-2025.pdf\" target=\"_blank\" rel=\"noopener\">Budget 2025<\/a><\/p>\n<p align=\"left\"><a href=\"https:\/\/goederupvand.dk\/wp-content\/uploads\/2025\/02\/Takstblad-2025.pdf\" target=\"_blank\" rel=\"noopener\">Takstblad 2025<\/a><\/p>\n<p align=\"left\"><a href=\"https:\/\/goederupvand.dk\/wp-content\/uploads\/2025\/02\/Goederup-Vandvaerk-Godkendelse-af-takstblad-2025.pdf\" target=\"_blank\" rel=\"noopener\">Takstblad godkendt Lejre kommune 2025<\/a><\/p>\n<p align=\"left\"><a href=\"https:\/\/goederupvand.dk\/wp-content\/uploads\/2025\/10\/Aarsrapport-2024-Goederup.pdf\" target=\"_blank\" rel=\"noopener\">\u00c5rsrapport 2024<\/a><\/p>\n<p align=\"left\"><a href=\"https:\/\/goederupvand.dk\/wp-content\/uploads\/2025\/10\/Balance-31.12.24.pdf\" target=\"_blank\" rel=\"noopener\">Balance 2024<\/a><\/p>\n<p align=\"left\"><a href=\"https:\/\/goederupvand.dk\/wp-content\/uploads\/2024\/03\/Aarsrapport-2023-Goederup.pdf\" target=\"_blank\" rel=\"noopener\">\u00c5rsrapport 2023<\/a><\/p>\n<p align=\"left\"><a href=\"https:\/\/goederupvand.dk\/wp-content\/uploads\/2024\/03\/Balance-31.12.23.pdf\" target=\"_blank\" rel=\"noopener\">Balance 2023<\/a><\/p>\n<p align=\"left\"><a href=\"https:\/\/goederupvand.dk\/wp-content\/uploads\/2026\/03\/Budget-og-aarsrapport-2023-2024-Hjemmeside.pdf\" target=\"_blank\" rel=\"noopener\">Budget 2024<\/a><\/p>\n<p align=\"left\"><a href=\"https:\/\/goederupvand.dk\/wp-content\/uploads\/2024\/03\/Goederup-Vandvaerk-takstblad-for-2024.pdf\" target=\"_blank\" rel=\"noopener\">Takstblad 2024<\/a><\/p>\n<p align=\"left\"><a href=\"https:\/\/goederupvand.dk\/wp-content\/uploads\/2024\/03\/Godkendelsesbrev-Goederup-Vandvaerk-Takstblad-2024.pdf\" target=\"_blank\" rel=\"noopener\">Godkendelse Takstblad Lejre kommune 2024<\/a><\/p>\n<p align=\"left\"><a href=\"https:\/\/goederupvand.dk\/wp-content\/uploads\/2023\/03\/A\u030arsrapport-2022-Goederup-udkast-mangler-budget-2022.pdf\" target=\"_blank\" rel=\"noopener\">\u00c5rsrapport 2022<\/a><\/p>\n<p align=\"left\"><a href=\"https:\/\/goederupvand.dk\/wp-content\/uploads\/2023\/03\/Balance-31.12.22.pdf\" target=\"_blank\" rel=\"noopener\">Balance 2022<\/a><\/p>\n<p align=\"left\"><a href=\"https:\/\/goederupvand.dk\/wp-content\/uploads\/2023\/03\/Budget-2023.pdf\" target=\"_blank\" rel=\"noopener\">Budget 2023<\/a><\/p>\n<p align=\"left\"><a href=\"https:\/\/goederupvand.dk\/wp-content\/uploads\/2023\/03\/Goederup-Vandvaerk-Godkendelsebrev-takstbald-2023.pdf\" target=\"_blank\" rel=\"noopener\">Takstblad 2023 Godkendelse Lejre Kommune 14. februar 2023<\/a><\/p>\n<p align=\"left\"><a href=\"https:\/\/goederupvand.dk\/wp-content\/uploads\/2023\/03\/TakstBlad.pdf\" target=\"_blank\" rel=\"noopener\">Takstblad 2023<\/a><\/p>\n<p align=\"left\"><a href=\"https:\/\/goederupvand.dk\/wp-content\/uploads\/2022\/03\/Takstblad.pdf\" target=\"_blank\" rel=\"noopener\">Takstblad 2022 Godkendt Lejre kommune 040422<\/a><\/p>\n<p align=\"left\"><a href=\"https:\/\/goederupvand.dk\/wp-content\/uploads\/2022\/03\/Budget-2022.pdf\" target=\"_blank\" rel=\"noopener\">Budget 2022<\/a><\/p>\n<p align=\"left\"><a href=\"https:\/\/goederupvand.dk\/wp-content\/uploads\/2022\/03\/Balance-31.12.20.pdf\" target=\"_blank\" rel=\"noopener\">Balance 2021<\/a><\/p>\n<p align=\"left\"><a href=\"https:\/\/goederupvand.dk\/wp-content\/uploads\/2022\/03\/Kvittering_2022-03-31_134729.pdf\" target=\"_blank\" rel=\"noopener\">\u00c5rsrapport 2021<\/a><\/p>\n<p align=\"left\"><a href=\"https:\/\/goederupvand.dk\/wp-content\/uploads\/2021\/06\/Takstblad-2021-Goederup-vandvaerk-godkendt-Lejre-kommune-maj-21.pdf\" target=\"_blank\" rel=\"noopener\">Takstblad 2021 \/ Godkendt af Lejre kommune maj 2021<\/a><\/p>\n<p align=\"left\"><a href=\"https:\/\/goederupvand.dk\/wp-content\/uploads\/2021\/08\/Budget_regnskab-2020_2021.pdf\" target=\"_blank\" rel=\"noopener\">Budget 2021<\/a><\/p>\n<p align=\"left\"><a href=\"https:\/\/goederupvand.dk\/wp-content\/uploads\/2021\/08\/Balance-31.12.20.pdf\" target=\"_blank\" rel=\"noopener\">Balance 31.12.20<\/a><\/p>\n<p align=\"left\"><a href=\"https:\/\/goederupvand.dk\/wp-content\/uploads\/2021\/08\/Aarsrapport-2020-Goederup.pdf\" target=\"_blank\" rel=\"noopener\">\u00c5rsrapport 2020<\/a><\/p>\n<p align=\"left\"><a href=\"https:\/\/goederupvand.dk\/wp-content\/uploads\/2020\/03\/Budget-2020.pdf\" target=\"_blank\" rel=\"noopener noreferrer\">Budget 2020<\/a><\/p>\n<p align=\"left\"><a href=\"https:\/\/goederupvand.dk\/wp-content\/uploads\/2020\/09\/Takstblad-G\u00f8derup-Vandv\u00e6rk-2020-godkendt-070920.pdf\" target=\"_blank\" rel=\"noopener noreferrer\">Takstblad 2020<\/a><\/p>\n<p align=\"left\"><a href=\"https:\/\/goederupvand.dk\/wp-content\/uploads\/2020\/03\/Balance-31.12.19.pdf\" target=\"_blank\" rel=\"noopener noreferrer\">Balance 31.12.19<\/a><\/p>\n<p align=\"left\"><a href=\"https:\/\/goederupvand.dk\/wp-content\/uploads\/2020\/03\/\u00c5rsrapport-2019-G\u00f8derup.pdf\" target=\"_blank\" rel=\"noopener noreferrer\">\u00c5rsrapport 2019<\/a><\/p>\n<p align=\"left\"><a href=\"https:\/\/goederupvand.dk\/wp-content\/uploads\/2019\/03\/Takstblad-2019-nyt-1.pdf\" target=\"_blank\" rel=\"noopener noreferrer\">Takstblad 2019<\/a><\/p>\n<p align=\"left\"><a href=\"https:\/\/goederupvand.dk\/wp-content\/uploads\/2019\/03\/Budget-Regnskab-2018_2019.pdf\" target=\"_blank\" rel=\"noopener noreferrer\">Budget 2019<\/a><\/p>\n<p align=\"left\"><a href=\"https:\/\/goederupvand.dk\/wp-content\/uploads\/2019\/03\/\u00c5rsrapport-2018-G\u00f8derup.pdf\" target=\"_blank\" rel=\"noopener noreferrer\">\u00c5rsrapport 2018<\/a><\/p>\n<p align=\"left\"><a href=\"https:\/\/goederupvand.dk\/wp-content\/uploads\/2019\/03\/Balance-31.12.18.pdf\" target=\"_blank\" rel=\"noopener noreferrer\">Balance 2018<\/a><\/p>\n<p align=\"left\">Takstblad 2018<\/p>\n<p align=\"left\"><a href=\"https:\/\/goederupvand.dk\/wp-content\/uploads\/2018\/03\/\u00c5rsrapport-2017-Buget-2018-G\u00f8derup.pdf\" target=\"_blank\" rel=\"noopener noreferrer\">Budget 2018<\/a><\/p>\n<p align=\"left\"><a href=\"https:\/\/goederupvand.dk\/wp-content\/uploads\/2018\/03\/\u00c5rsrapport-2017-G\u00f8derup.pdf\" target=\"_blank\" rel=\"noopener noreferrer\">\u00c5rsrapport 2017<\/a><\/p>\n<p align=\"left\"><a href=\"https:\/\/goederupvand.dk\/wp-content\/uploads\/2018\/03\/Balance-31.12.17.pdf\" target=\"_blank\" rel=\"noopener noreferrer\">Balance 31.12.17<\/a><\/p>\n<p align=\"left\"><a href=\"https:\/\/goederupvand.dk\/wp-content\/uploads\/2017\/03\/Budget-2017-vs-2016.pdf\" target=\"_blank\" rel=\"noopener noreferrer\">Budget 2017 vs 2016<\/a><\/p>\n<p align=\"left\"><a href=\"https:\/\/goederupvand.dk\/wp-content\/uploads\/2017\/07\/Takstblad-godkendt-6.-juli-2017.pdf\" target=\"_blank\" rel=\"noopener noreferrer\">Takstblad 2017<\/a><\/p>\n<p align=\"left\"><a href=\"https:\/\/goederupvand.dk\/wp-content\/uploads\/2017\/03\/\u00c5rsrapport-2016-G\u00f8derup.pdf\" target=\"_blank\" rel=\"noopener noreferrer\">\u00c5rsrapport 2016 G\u00f8derup<\/a><\/p>\n<p align=\"left\"><a href=\"https:\/\/goederupvand.dk\/wp-content\/uploads\/2017\/03\/Balance-31.12.16.pdf\" target=\"_blank\" rel=\"noopener noreferrer\">Balance 31.12.16<\/a><\/p>\n<p align=\"left\"><a href=\"https:\/\/goederupvand.dk\/wp-content\/uploads\/2016\/03\/Takstblad-til-kommune-2016.pdf\" rel=\"\">Takstblad til kommune 2016<\/a><\/p>\n<p align=\"left\"><a href=\"https:\/\/goederupvand.dk\/wp-content\/uploads\/2016\/03\/Budget-GV-2016-til-GF.pdf\" rel=\"\">Budget GV 2016 til GF<\/a><\/p>\n<p align=\"left\"><a href=\"https:\/\/goederupvand.dk\/wp-content\/uploads\/2016\/03\/\u00c5rsregnskab-2015-G\u00f8derup.pdf\" rel=\"\">\u00c5rsregnskab 2015 &#8211; G\u00f8derup<\/a><\/p>\n<p align=\"left\"><a href=\"https:\/\/goederupvand.dk\/wp-content\/uploads\/2016\/03\/Balance-31.12.15.pdf\" rel=\"\">Balance 31.12.15<\/a><\/p>\n<p align=\"left\"><a href=\"https:\/\/goederupvand.dk\/wp-content\/uploads\/2015\/03\/Budget-2015.pdf\" target=\"_blank\" rel=\"noopener noreferrer\">Budget 2015<\/a><\/p>\n<p align=\"left\"><a href=\"https:\/\/goederupvand.dk\/wp-content\/uploads\/2015\/03\/Takstblad-2015.pdf\" target=\"_blank\" rel=\"noopener noreferrer\">Takstblad 2015<\/a><\/p>\n<p align=\"left\"><a href=\"https:\/\/goederupvand.dk\/wp-content\/uploads\/2015\/02\/\u00c3.rsregnskab-2014.pdf\" target=\"_blank\" rel=\"noopener noreferrer\">Regnskab 2014<\/a><\/p>\n<p align=\"left\"><a href=\"https:\/\/goederupvand.dk\/Filer\/Budget%202014regnskab2013tilGF2014.pdf\" target=\"_blank\" rel=\"noopener noreferrer\">Budget 2014.pdf<\/a><\/p>\n<p align=\"left\"><a href=\"https:\/\/goederupvand.dk\/Filer\/Takstblad2014Godkendt.pdf\" target=\"_blank\" rel=\"noopener noreferrer\">Takstblad 2014.pdf<\/a><\/p>\n<p align=\"left\"><a href=\"https:\/\/goederupvand.dk\/wp-content\/uploads\/2015\/02\/GV-regnskab-2013.pdf\" target=\"_blank\" rel=\"noopener noreferrer\">Regnskab 2013.pdf<br \/>\n<\/a><\/p>\n<p align=\"left\"><a href=\"https:\/\/goederupvand.dk\/Filer\/Takstblad2013.pdf\" target=\"_blank\" rel=\"noopener noreferrer\">Takstblad 2013.pdf<\/a><\/p>\n<p align=\"left\"><a href=\"https:\/\/goederupvand.dk\/Filer\/Budget2013.pdf\">Budget 2013.pdf<\/a><\/p>\n<p align=\"left\"><a href=\"https:\/\/goederupvand.dk\/Filer\/Regnskab2012.pdf\" target=\"_blank\" rel=\"noopener noreferrer\">Regnskab 2012<\/a><\/p>\n<p align=\"left\"><a href=\"https:\/\/goederupvand.dk\/Filer\/Takstblad2012.pdf\" target=\"_blank\" rel=\"noopener noreferrer\">Takstblad 2012<\/a><\/p>\n<p align=\"left\"><a href=\"https:\/\/goederupvand.dk\/Filer\/Budget%202012.pdf\" target=\"_blank\" rel=\"noopener noreferrer\">Budget 2012.pdf<\/a><\/p>\n<p align=\"left\"><a href=\"https:\/\/goederupvand.dk\/Filer\/Regnskab2011.pdf\">Regnskab 2011.pdf<\/a><\/p>\n<p align=\"left\"><a href=\"https:\/\/goederupvand.dk\/Filer\/Budget2011.pdf\">Budget 2011.pdf<\/a><\/p>\n<p align=\"left\"><a href=\"https:\/\/goederupvand.dk\/Filer\/Takstblad%202008.pdf\" target=\"_blank\" rel=\"noopener noreferrer\">Takstblad 2008.pdf<\/a><\/p>\n<p align=\"left\"><a href=\"https:\/\/goederupvand.dk\/Filer\/Budget%202008.pdf\" target=\"_blank\" rel=\"noopener noreferrer\">Budget 2008.pdf<\/a><\/p>\n<p align=\"left\"><a href=\"https:\/\/goederupvand.dk\/Filer\/Regnskab%20oversigt%202007.pdf\" target=\"_blank\" rel=\"noopener noreferrer\">Regnskab oversigt 2007.pdf<\/a><\/p>\n<p align=\"left\"><a href=\"https:\/\/goederupvand.dk\/Filer\/Takstblad%202007.pdf\" target=\"_blank\" rel=\"noopener noreferrer\">Takstblad 2007<\/a><\/p>\n<p align=\"left\"><a href=\"https:\/\/goederupvand.dk\/Filer\/Regnskab%20oversigt%202006.pdf\" target=\"_blank\" rel=\"noopener noreferrer\">Regnskab oversigt 2006<\/a><\/p>\n<p align=\"left\"><a href=\"https:\/\/goederupvand.dk\/Filer\/Takstblad%202006%20godkendt.pdf\" target=\"_blank\" rel=\"noopener noreferrer\">Takstblad 2006 godkendt.pdf<\/a><\/p>\n<p align=\"left\"><a href=\"https:\/\/goederupvand.dk\/Filer\/Budget%202006.pdf\" target=\"_blank\" rel=\"noopener noreferrer\">Budget 2006.pdf<\/a><\/p>\n<p align=\"left\"><a href=\"https:\/\/goederupvand.dk\/Filer\/Regnskab%20oversigt%202005.pdf\" target=\"_blank\" rel=\"noopener noreferrer\">Regnskab oversigt 2005.pdf<\/a><\/p>\n<p align=\"left\"><a href=\"https:\/\/goederupvand.dk\/Filer\/Konto%202005.pdf\" target=\"_blank\" rel=\"noopener noreferrer\">Konto 2005.pdf<\/a><\/p>\n<p align=\"left\"><a href=\"https:\/\/goederupvand.dk\/Filer\/SaldoBalance%202005.pdf\" target=\"_blank\" rel=\"noopener noreferrer\">SaldoBalance 2005.pdf<\/a><\/p>\n<p align=\"left\"><a href=\"https:\/\/goederupvand.dk\/Filer\/Takstblad%202005.pdf\" target=\"_blank\" rel=\"noopener noreferrer\">Takstblad 2005 l\u00e6sbar.pdf<\/a><\/p>\n<p align=\"left\"><a href=\"https:\/\/goederupvand.dk\/Filer\/Takstblad%202005%20godkendt.pdf\" target=\"_blank\" rel=\"noopener noreferrer\">Takstblad 2005 godkendt.pdf<\/a><\/p>\n<p align=\"left\"><a href=\"https:\/\/goederupvand.dk\/Filer\/Budget%202005.pdf\" target=\"_blank\" rel=\"noopener noreferrer\">Budget 2005.pdf<\/a><\/p>\n<p align=\"left\"><a href=\"https:\/\/goederupvand.dk\/Filer\/Regnskab%20oversigt%202004.pdf\" target=\"_blank\" rel=\"noopener noreferrer\">Regnskab oversigt 2004.pdf<\/a><\/p>\n<p align=\"left\"><a href=\"https:\/\/goederupvand.dk\/Filer\/Konto%202004.pdf\" target=\"_blank\" rel=\"noopener noreferrer\">Konto 2004.pdf<\/a><\/p>\n<p align=\"left\"><a href=\"https:\/\/goederupvand.dk\/Filer\/SaldoBalance%202004.pdf\" target=\"_blank\" rel=\"noopener noreferrer\">SaldoBalance 2004.pdf<\/a><\/p>\n<p align=\"left\"><a href=\"https:\/\/goederupvand.dk\/Filer\/Takstblad%202004%20godkendt.pdf\" target=\"_blank\" rel=\"noopener noreferrer\">Takstblad 2004 godkendt.pdf<\/a><\/p>\n<p align=\"left\"><a href=\"https:\/\/goederupvand.dk\/Filer\/Regnskab%20oversigt%202003.pdf\" target=\"_blank\" rel=\"noopener noreferrer\">Regnskab oversigt 2003.pdf<\/a><\/p>\n<p align=\"left\">Ingen takstblad udarbejdet for 2003<\/p>\n<p align=\"left\"><a href=\"https:\/\/goederupvand.dk\/Filer\/Regnskab%20oversigt%202002.pdf\" target=\"_blank\" rel=\"noopener noreferrer\">Regnskab oversigt 2002.pdf<\/a><\/p>\n<p align=\"left\"><a href=\"https:\/\/goederupvand.dk\/Filer\/Takstblad%202002%20godkendt.pdf\" target=\"_blank\" rel=\"noopener noreferrer\">Takstblad 2002 godkendt.pdf<\/a><\/p>\n<p align=\"left\"><a href=\"https:\/\/goederupvand.dk\/Filer\/Regnskab%20oversigt%202001.pdf\" target=\"_blank\" rel=\"noopener noreferrer\">Regnskab oversigt 2001.pdf<\/a><\/p>\n<p align=\"left\"><a href=\"https:\/\/goederupvand.dk\/Filer\/Takstblad%202001%20godkendt.pdf\" target=\"_blank\" rel=\"noopener noreferrer\">Takstblad 2001 godkendt.pdf<\/a><\/p>\n<p align=\"left\"><a href=\"https:\/\/goederupvand.dk\/Filer\/Regnskab%20oversigt%201993%20-%201998.pdf\" target=\"_blank\" rel=\"noopener noreferrer\">Regnskab oversigt 1993 &#8211; 1998.pdf<\/a><\/p>\n<p align=\"left\"><a href=\"https:\/\/goederupvand.dk\/Filer\/Takstblad%202000%20godkendt.pdf\" target=\"_blank\" rel=\"noopener noreferrer\">Takstblad 2000 godkendt.pdf<\/a><\/p>\n<p align=\"left\"><a href=\"https:\/\/goederupvand.dk\/Filer\/Takstblad%201999%20godkendt.pdf\" target=\"_blank\" rel=\"noopener noreferrer\">Takstblad 1999 godkendt.pdf<\/a><\/p>\n<p align=\"left\">Ingen takstblad udarbejdet for 1998<\/p>\n<p align=\"left\"><a href=\"https:\/\/goederupvand.dk\/Filer\/Takstblad%201997%20godkendt.pdf\" target=\"_blank\" rel=\"noopener noreferrer\">Takstblad 1997 godkendt.pdf<\/a><\/p>\n<p align=\"left\"><a href=\"https:\/\/goederupvand.dk\/Filer\/Takstblad%201996%20godkendt.pdf\" target=\"_blank\" rel=\"noopener noreferrer\">Takstblad 1996 godkendt.pdf<\/a><\/p>\n","protected":false},"excerpt":{"rendered":"<p>Budget 2026 Takstblad 2026 Takstblads godkendelse 2026 \u00c5rsrapport 2025 Balance 2025 Budget 2025 Takstblad 2025 Takstblad godkendt Lejre kommune 2025 \u00c5rsrapport 2024 Balance 2024 \u00c5rsrapport 2023 Balance 2023 Budget 2024 Takstblad 2024 Godkendelse Takstblad Lejre kommune 2024 \u00c5rsrapport 2022 Balance 2022 Budget 2023 Takstblad 2023 Godkendelse Lejre Kommune 14. februar 2023 Takstblad 2023 Takstblad 2022 [&hellip;]<\/p>\n","protected":false},"author":2,"featured_media":0,"parent":0,"menu_order":0,"comment_status":"closed","ping_status":"open","template":"","meta":{"footnotes":""},"class_list":["post-69","page","type-page","status-publish","hentry","post"],"_links":{"self":[{"href":"https:\/\/goederupvand.dk\/index.php?rest_route=\/wp\/v2\/pages\/69","targetHints":{"allow":["GET"]}}],"collection":[{"href":"https:\/\/goederupvand.dk\/index.php?rest_route=\/wp\/v2\/pages"}],"about":[{"href":"https:\/\/goederupvand.dk\/index.php?rest_route=\/wp\/v2\/types\/page"}],"author":[{"embeddable":true,"href":"https:\/\/goederupvand.dk\/index.php?rest_route=\/wp\/v2\/users\/2"}],"replies":[{"embeddable":true,"href":"https:\/\/goederupvand.dk\/index.php?rest_route=%2Fwp%2Fv2%2Fcomments&post=69"}],"version-history":[{"count":92,"href":"https:\/\/goederupvand.dk\/index.php?rest_route=\/wp\/v2\/pages\/69\/revisions"}],"predecessor-version":[{"id":984,"href":"https:\/\/goederupvand.dk\/index.php?rest_route=\/wp\/v2\/pages\/69\/revisions\/984"}],"wp:attachment":[{"href":"https:\/\/goederupvand.dk\/index.php?rest_route=%2Fwp%2Fv2%2Fmedia&parent=69"}],"curies":[{"name":"wp","href":"https:\/\/api.w.org\/{rel}","templated":true}]}}